{"id":1275,"date":"2020-10-28T11:10:10","date_gmt":"2020-10-28T03:10:10","guid":{"rendered":"https:\/\/funk-group.cn\/?page_id=1275"},"modified":"2022-12-12T16:37:33","modified_gmt":"2022-12-12T08:37:33","slug":"blog","status":"publish","type":"page","link":"https:\/\/funk-group.cn\/zh\/blog\/","title":{"rendered":"\u65b0\u95fb"},"content":{"rendered":"<div id='av_section_1'  class='avia-section main_color avia-section-default avia-no-border-styling  avia-bg-style-scroll  avia-builder-el-0  el_before_av_section  avia-builder-el-first   container_wrap fullsize' style=' '  ><div class='container' ><main  role=\"main\" itemprop=\"mainContentOfPage\"  class='template-page content  av-content-full alpha units'><div class='post-entry post-entry-type-page post-entry-1275'><div class='entry-content-wrapper clearfix'>\n<section class=\"av_textblock_section \"  itemscope=\"itemscope\" itemtype=\"https:\/\/schema.org\/CreativeWork\" ><div class='avia_textblock  '   itemprop=\"text\" ><p><\/p>\n<h1>\u65b0\u95fb<\/h1>\n<p><\/p>\n<\/div><\/section>\n<\/div><\/div><\/main><!-- close content main element --><\/div><\/div><div id='av_section_2'  class='avia-section main_color avia-section-default avia-no-border-styling  avia-bg-style-scroll  avia-builder-el-2  el_after_av_section  avia-builder-el-last   container_wrap fullsize' style=' '  ><div class='container' ><div class='template-page content  av-content-full alpha units'><div class='post-entry post-entry-type-page post-entry-1275'><div class='entry-content-wrapper clearfix'>\n<div id='av-masonry-1' class='av-masonry  noHover av-flex-size av-large-gap av-hover-overlay-bluronhover av-masonry-animation-active av-masonry-col-3 av-caption-always av-caption-style-overlay    '  ><div class='av-masonry-container isotope av-js-disabled ' ><div class='av-masonry-entry isotope-item av-masonry-item-no-image '><\/div><a href=\"https:\/\/funk-group.cn\/zh\/bonusy-i-funktsii-epikstar-kazino-v-2026-godu\/\"  id='av-masonry-1-item-3207' data-av-masonry-item='3207' class='av-masonry-entry isotope-item post-3207 post type-post status-publish format-standard hentry category-uncategorized  av-masonry-item-no-image' title=\"\u0411\u043e\u043d\u0443\u0441\u044b \u0438 \u0444\u0443\u043d\u043a\u0446\u0438\u0438 \u042d\u043f\u0438\u043a\u0441\u0442\u0430\u0440 \u043a\u0430\u0437\u0438\u043d\u043e \u0432 2026 \u0433\u043e\u0434\u0443\"  itemscope=\"itemscope\" itemtype=\"https:\/\/schema.org\/CreativeWork\" ><div class='av-inner-masonry-sizer'><\/div><figure class='av-inner-masonry main_color'><figcaption class='av-inner-masonry-content site-background'><div class='av-inner-masonry-content-pos'><div class='av-inner-masonry-content-pos-content'><div class='avia-arrow'><\/div><h3 class='av-masonry-entry-title entry-title '  itemprop=\"headline\" >\u0411\u043e\u043d\u0443\u0441\u044b \u0438 \u0444\u0443\u043d\u043a\u0446\u0438\u0438 \u042d\u043f\u0438\u043a\u0441\u0442\u0430\u0440 \u043a\u0430\u0437\u0438\u043d\u043e \u0432 2026 \u0433\u043e\u0434\u0443<\/h3><div class='av-masonry-entry-content entry-content'  itemprop=\"text\" >img { width: 750px; } iframe.movie { width: 750px; height:\u2026<\/div><span class='av-masonry-date meta-color updated'>\u516b\u6708 22, 2023<\/span><span class=\"av-masonry-text-sep text-sep-author\">\/<\/span><span class='av-masonry-author meta-color author'><span class='fn'>\u901a\u8fc7\uff1a fcn9h7<\/span><\/span><\/div><\/div><\/figcaption><\/figure><\/a><!--end av-masonry entry--><a href=\"https:\/\/funk-group.cn\/zh\/bonusy-bez-depozita-v-kazino-dlia-igrokov-2023-goda\/\"  id='av-masonry-1-item-3213' data-av-masonry-item='3213' class='av-masonry-entry isotope-item post-3213 post type-post status-publish format-standard hentry category-uncategorized  av-masonry-item-no-image' title=\"\u0411\u043e\u043d\u0443\u0441\u044b \u0431\u0435\u0437 \u0434\u0435\u043f\u043e\u0437\u0438\u0442\u0430 \u0432 \u043a\u0430\u0437\u0438\u043d\u043e \u0434\u043b\u044f \u0438\u0433\u0440\u043e\u043a\u043e\u0432 2023 \u0433\u043e\u0434\u0430\"  itemscope=\"itemscope\" itemtype=\"https:\/\/schema.org\/CreativeWork\" ><div class='av-inner-masonry-sizer'><\/div><figure class='av-inner-masonry main_color'><figcaption class='av-inner-masonry-content site-background'><div class='av-inner-masonry-content-pos'><div class='av-inner-masonry-content-pos-content'><div class='avia-arrow'><\/div><h3 class='av-masonry-entry-title entry-title '  itemprop=\"headline\" >\u0411\u043e\u043d\u0443\u0441\u044b \u0431\u0435\u0437 \u0434\u0435\u043f\u043e\u0437\u0438\u0442\u0430 \u0432 \u043a\u0430\u0437\u0438\u043d\u043e \u0434\u043b\u044f \u0438\u0433\u0440\u043e\u043a\u043e\u0432 2023 \u0433\u043e\u0434\u0430<\/h3><div class='av-masonry-entry-content entry-content'  itemprop=\"text\" >img { width: 750px; } iframe.movie { width: 750px; height:\u2026<\/div><span class='av-masonry-date meta-color updated'>\u516b\u6708 5, 2023<\/span><span class=\"av-masonry-text-sep text-sep-author\">\/<\/span><span class='av-masonry-author meta-color author'><span class='fn'>\u901a\u8fc7\uff1a fcn9h7<\/span><\/span><\/div><\/div><\/figcaption><\/figure><\/a><!--end av-masonry entry--><a href=\"https:\/\/funk-group.cn\/zh\/bezopasnost-lichnogo-kabineta-v-pinko-kazino\/\"  id='av-masonry-1-item-3211' data-av-masonry-item='3211' class='av-masonry-entry isotope-item post-3211 post type-post status-publish format-standard hentry category-uncategorized  av-masonry-item-no-image' title=\"\u0411\u0435\u0437\u043e\u043f\u0430\u0441\u043d\u043e\u0441\u0442\u044c \u043b\u0438\u0447\u043d\u043e\u0433\u043e \u043a\u0430\u0431\u0438\u043d\u0435\u0442\u0430 \u0432 \u041f\u0438\u043d\u043a\u043e \u043a\u0430\u0437\u0438\u043d\u043e\"  itemscope=\"itemscope\" itemtype=\"https:\/\/schema.org\/CreativeWork\" ><div class='av-inner-masonry-sizer'><\/div><figure class='av-inner-masonry main_color'><figcaption class='av-inner-masonry-content site-background'><div class='av-inner-masonry-content-pos'><div class='av-inner-masonry-content-pos-content'><div class='avia-arrow'><\/div><h3 class='av-masonry-entry-title entry-title '  itemprop=\"headline\" >\u0411\u0435\u0437\u043e\u043f\u0430\u0441\u043d\u043e\u0441\u0442\u044c \u043b\u0438\u0447\u043d\u043e\u0433\u043e \u043a\u0430\u0431\u0438\u043d\u0435\u0442\u0430 \u0432 \u041f\u0438\u043d\u043a\u043e \u043a\u0430\u0437\u0438\u043d\u043e<\/h3><div class='av-masonry-entry-content entry-content'  itemprop=\"text\" >img { width: 750px; } iframe.movie { width: 750px; height:\u2026<\/div><span class='av-masonry-date meta-color updated'>\u5341\u4e8c\u6708 1, 2023<\/span><span class=\"av-masonry-text-sep text-sep-author\">\/<\/span><span class='av-masonry-author meta-color author'><span class='fn'>\u901a\u8fc7\uff1a fcn9h7<\/span><\/span><\/div><\/div><\/figcaption><\/figure><\/a><!--end av-masonry entry--><a href=\"https:\/\/funk-group.cn\/zh\/aktual-noe-zerkalo-vavada-kazino-na-segodniashnii-den\/\"  id='av-masonry-1-item-3209' data-av-masonry-item='3209' class='av-masonry-entry isotope-item post-3209 post type-post status-publish format-standard hentry category-uncategorized  av-masonry-item-no-image' title=\"\u0410\u043a\u0442\u0443\u0430\u043b\u044c\u043d\u043e\u0435 \u0437\u0435\u0440\u043a\u0430\u043b\u043e Vavada \u043a\u0430\u0437\u0438\u043d\u043e \u043d\u0430 \u0441\u0435\u0433\u043e\u0434\u043d\u044f\u0448\u043d\u0438\u0439 \u0434\u0435\u043d\u044c\"  itemscope=\"itemscope\" itemtype=\"https:\/\/schema.org\/CreativeWork\" ><div class='av-inner-masonry-sizer'><\/div><figure class='av-inner-masonry main_color'><figcaption class='av-inner-masonry-content site-background'><div class='av-inner-masonry-content-pos'><div class='av-inner-masonry-content-pos-content'><div class='avia-arrow'><\/div><h3 class='av-masonry-entry-title entry-title '  itemprop=\"headline\" >\u0410\u043a\u0442\u0443\u0430\u043b\u044c\u043d\u043e\u0435 \u0437\u0435\u0440\u043a\u0430\u043b\u043e Vavada \u043a\u0430\u0437\u0438\u043d\u043e \u043d\u0430 \u0441\u0435\u0433\u043e\u0434\u043d\u044f\u0448\u043d\u0438\u0439 \u0434\u0435\u043d\u044c<\/h3><div class='av-masonry-entry-content entry-content'  itemprop=\"text\" >img { width: 750px; } iframe.movie { width: 750px; height:\u2026<\/div><span class='av-masonry-date meta-color updated'>\u4e00\u6708 3, 2024<\/span><span class=\"av-masonry-text-sep text-sep-author\">\/<\/span><span class='av-masonry-author meta-color author'><span class='fn'>\u901a\u8fc7\uff1a fcn9h7<\/span><\/span><\/div><\/div><\/figcaption><\/figure><\/a><!--end av-masonry entry--><a href=\"https:\/\/funk-group.cn\/zh\/outsmart-traffic-boost-your-score-a-guide-to-mastering-chicken\/\"  id='av-masonry-1-item-3221' data-av-masonry-item='3221' class='av-masonry-entry isotope-item post-3221 post type-post status-publish format-standard hentry category-uncategorized  av-masonry-item-no-image' title=\"Outsmart Traffic, Boost Your Score A Guide to Mastering Chicken Road 2 &#038; Achieving High-Velocity Cro\"  itemscope=\"itemscope\" itemtype=\"https:\/\/schema.org\/CreativeWork\" ><div class='av-inner-masonry-sizer'><\/div><figure class='av-inner-masonry main_color'><figcaption class='av-inner-masonry-content site-background'><div class='av-inner-masonry-content-pos'><div class='av-inner-masonry-content-pos-content'><div class='avia-arrow'><\/div><h3 class='av-masonry-entry-title entry-title '  itemprop=\"headline\" >Outsmart Traffic, Boost Your Score A Guide to Mastering Chicken Road 2 &#038; Achieving High-Velocity Cro<\/h3><div class='av-masonry-entry-content entry-content'  itemprop=\"text\" >Outsmart Traffic, Boost Your Score: A Guide to Mastering Chicken\u2026<\/div><span class='av-masonry-date meta-color updated'>\u4e09\u6708 13, 2026<\/span><span class=\"av-masonry-text-sep text-sep-author\">\/<\/span><span class='av-masonry-author meta-color author'><span class='fn'>\u901a\u8fc7\uff1a fcn9h7<\/span><\/span><\/div><\/div><\/figcaption><\/figure><\/a><!--end av-masonry entry--><a href=\"https:\/\/funk-group.cn\/zh\/funk-baurisk\/\"  id='av-masonry-1-item-2888' data-av-masonry-item='2888' class='av-masonry-entry isotope-item post-2888 post type-post status-publish format-standard has-post-thumbnail hentry category-homepage  av-masonry-item-with-image' title=\"Slider_BauRisk_394_312\"  itemscope=\"itemscope\" itemtype=\"https:\/\/schema.org\/CreativeWork\" ><div class='av-inner-masonry-sizer'><\/div><figure class='av-inner-masonry main_color'><div class=\"av-masonry-outerimage-container\"><div class=\"av-masonry-image-container\" ><img width=\"394\" height=\"312\" class=\"wp-image-2908 avia-img-lazy-loading-not-2908\"  src=\"https:\/\/funk-group.cn\/wp-content\/uploads\/2021\/11\/Slider_BauRisk_394_312.jpg\" title=\"Slider_BauRisk_394_312\" alt=\"\" srcset=\"https:\/\/funk-group.cn\/wp-content\/uploads\/2021\/11\/Slider_BauRisk_394_312.jpg 394w, https:\/\/funk-group.cn\/wp-content\/uploads\/2021\/11\/Slider_BauRisk_394_312-300x238.jpg 300w\" sizes=\"(max-width: 394px) 100vw, 394px\" \/><\/div><\/div><figcaption class='av-inner-masonry-content site-background'><div class='av-inner-masonry-content-pos'><div class='av-inner-masonry-content-pos-content'><div class='avia-arrow'><\/div><h3 class='av-masonry-entry-title entry-title '  itemprop=\"headline\" >Funk Baurisk<\/h3><span class='av-masonry-date meta-color updated'>\u5341\u4e00\u6708 30, 2021<\/span><span class=\"av-masonry-text-sep text-sep-author\">\/<\/span><span class='av-masonry-author meta-color author'><span class='fn'>\u901a\u8fc7\uff1a fcn9h7<\/span><\/span><\/div><\/div><\/figcaption><\/figure><\/a><!--end av-masonry entry--><a href=\"https:\/\/funk-group.cn\/zh\/dobrodruzstvi-s-pernatym-hrdinou-zdokonalte-reflexy-a-ziskejte\/\"  id='av-masonry-1-item-3217' data-av-masonry-item='3217' class='av-masonry-entry isotope-item post-3217 post type-post status-publish format-standard hentry category-uncategorized  av-masonry-item-no-image' title=\"Dobrodru\u017estv\u00ed s pe\u0159nat\u00fdm hrdinou Zdokonalte reflexy a z\u00edskejte odm\u011bny v Chicken Road podvod strategi\"  itemscope=\"itemscope\" itemtype=\"https:\/\/schema.org\/CreativeWork\" ><div class='av-inner-masonry-sizer'><\/div><figure class='av-inner-masonry main_color'><figcaption class='av-inner-masonry-content site-background'><div class='av-inner-masonry-content-pos'><div class='av-inner-masonry-content-pos-content'><div class='avia-arrow'><\/div><h3 class='av-masonry-entry-title entry-title '  itemprop=\"headline\" >Dobrodru\u017estv\u00ed s pe\u0159nat\u00fdm hrdinou Zdokonalte reflexy a z\u00edskejte odm\u011bny v Chicken Road podvod strategi<\/h3><div class='av-masonry-entry-content entry-content'  itemprop=\"text\" >Dobrodru\u017estv\u00ed s pe\u0159nat\u00fdm hrdinou: Zdokonalte reflexy a\u2026<\/div><span class='av-masonry-date meta-color updated'>\u4e09\u6708 13, 2026<\/span><span class=\"av-masonry-text-sep text-sep-author\">\/<\/span><span class='av-masonry-author meta-color author'><span class='fn'>\u901a\u8fc7\uff1a fcn9h7<\/span><\/span><\/div><\/div><\/figcaption><\/figure><\/a><!--end av-masonry entry--><a href=\"https:\/\/funk-group.cn\/zh\/case-study-when-authorities-stop-production\/\"  id='av-masonry-1-item-1976' data-av-masonry-item='1976' class='av-masonry-entry isotope-item post-1976 post type-post status-publish format-standard has-post-thumbnail hentry category-case-study category-homepage  av-masonry-item-with-image' title=\"stop_the_production_394x312\"  itemscope=\"itemscope\" itemtype=\"https:\/\/schema.org\/CreativeWork\" ><div class='av-inner-masonry-sizer'><\/div><figure class='av-inner-masonry main_color'><div class=\"av-masonry-outerimage-container\"><div class=\"av-masonry-image-container\" ><img width=\"394\" height=\"312\" class=\"wp-image-2786 avia-img-lazy-loading-not-2786\"  src=\"https:\/\/funk-group.cn\/wp-content\/uploads\/2021\/03\/stop_the_production_394x312.jpg\" title=\"stop_the_production_394x312\" alt=\"\" srcset=\"https:\/\/funk-group.cn\/wp-content\/uploads\/2021\/03\/stop_the_production_394x312.jpg 394w, https:\/\/funk-group.cn\/wp-content\/uploads\/2021\/03\/stop_the_production_394x312-300x238.jpg 300w\" sizes=\"(max-width: 394px) 100vw, 394px\" \/><\/div><\/div><figcaption class='av-inner-masonry-content site-background'><div class='av-inner-masonry-content-pos'><div class='av-inner-masonry-content-pos-content'><div class='avia-arrow'><\/div><h3 class='av-masonry-entry-title entry-title '  itemprop=\"headline\" >\u5f53\u5c40\u5173\u505c\u5de5\u5382<\/h3><div class='av-masonry-entry-content entry-content'  itemprop=\"text\" >\u6848\u4f8b\u7814\u7a76<\/div><span class='av-masonry-date meta-color updated'>\u4e09\u6708 1, 2021<\/span><span class=\"av-masonry-text-sep text-sep-author\">\/<\/span><span class='av-masonry-author meta-color author'><span class='fn'>\u901a\u8fc7\uff1a uakhj_fe<\/span><\/span><\/div><\/div><\/figcaption><\/figure><\/a><!--end av-masonry entry--><a href=\"https:\/\/funk-group.cn\/zh\/wi-insurance-for-chinese-investors\/\"  id='av-masonry-1-item-2280' data-av-masonry-item='2280' class='av-masonry-entry isotope-item post-2280 post type-post status-publish format-standard has-post-thumbnail hentry category-homepage  av-masonry-item-with-image' title=\"W&#038;I-insurance\"  itemscope=\"itemscope\" itemtype=\"https:\/\/schema.org\/CreativeWork\" ><div class='av-inner-masonry-sizer'><\/div><figure class='av-inner-masonry main_color'><div class=\"av-masonry-outerimage-container\"><div class=\"av-masonry-image-container\" ><img width=\"394\" height=\"312\" class=\"wp-image-2757 avia-img-lazy-loading-not-2757\"  src=\"https:\/\/funk-group.cn\/wp-content\/uploads\/2021\/02\/WI-insurance.jpg\" title=\"W&#038;I-insurance\" alt=\"\" srcset=\"https:\/\/funk-group.cn\/wp-content\/uploads\/2021\/02\/WI-insurance.jpg 394w, https:\/\/funk-group.cn\/wp-content\/uploads\/2021\/02\/WI-insurance-300x238.jpg 300w\" sizes=\"(max-width: 394px) 100vw, 394px\" \/><\/div><\/div><figcaption class='av-inner-masonry-content site-background'><div class='av-inner-masonry-content-pos'><div class='av-inner-masonry-content-pos-content'><div class='avia-arrow'><\/div><h3 class='av-masonry-entry-title entry-title '  itemprop=\"headline\" >\u9002\u5408\u4e2d\u56fd\u6295\u8d44\u8005\u7684\u5e76\u8d2d\u4fdd\u8bc1\u9669<\/h3><div class='av-masonry-entry-content entry-content'  itemprop=\"text\" >\u5e76\u8d2d\u4fdd\u8bc1\uff08W&I\uff09\u9669\u80fd\u591f\u4f7f\u4e2d\u56fd\u6295\u8d44\u8005\u5728\u5e76\u8d2d\u4ea4\u6613\u4e2d\u5177\u5907\u6218\u7565\u4f18\u52bf<\/div><span class='av-masonry-date meta-color updated'>\u4e94\u6708 3, 2021<\/span><span class=\"av-masonry-text-sep text-sep-author\">\/<\/span><span class='av-masonry-author meta-color author'><span class='fn'>\u901a\u8fc7\uff1a uakhj_fe<\/span><\/span><\/div><\/div><\/figcaption><\/figure><\/a><!--end av-masonry entry--><a href=\"https:\/\/funk-group.cn\/zh\/the-economic-impact-of-war-in-ukraine\/\"  id='av-masonry-1-item-2957' data-av-masonry-item='2957' class='av-masonry-entry isotope-item post-2957 post type-post status-publish format-standard has-post-thumbnail hentry category-homepage  av-masonry-item-with-image' title=\"ukraine-conflict-card\"  itemscope=\"itemscope\" itemtype=\"https:\/\/schema.org\/CreativeWork\" ><div class='av-inner-masonry-sizer'><\/div><figure class='av-inner-masonry main_color'><div class=\"av-masonry-outerimage-container\"><div class=\"av-masonry-image-container\" ><img width=\"394\" height=\"312\" class=\"wp-image-2961 avia-img-lazy-loading-not-2961\"  src=\"https:\/\/funk-group.cn\/wp-content\/uploads\/2022\/03\/ukraine-conflict-card.jpg\" title=\"ukraine-conflict-card\" alt=\"\" srcset=\"https:\/\/funk-group.cn\/wp-content\/uploads\/2022\/03\/ukraine-conflict-card.jpg 394w, https:\/\/funk-group.cn\/wp-content\/uploads\/2022\/03\/ukraine-conflict-card-300x238.jpg 300w\" sizes=\"(max-width: 394px) 100vw, 394px\" \/><\/div><\/div><figcaption class='av-inner-masonry-content site-background'><div class='av-inner-masonry-content-pos'><div class='av-inner-masonry-content-pos-content'><div class='avia-arrow'><\/div><h3 class='av-masonry-entry-title entry-title '  itemprop=\"headline\" >\u4e4c\u514b\u5170\u6218\u4e89\u5bf9\u7ecf\u6d4e\u53d1\u5c55\u7684\u5f71\u54cd<\/h3><span class='av-masonry-date meta-color updated'>\u4e09\u6708 28, 2022<\/span><span class=\"av-masonry-text-sep text-sep-author\">\/<\/span><span class='av-masonry-author meta-color author'><span class='fn'>\u901a\u8fc7\uff1a fcn9h7<\/span><\/span><\/div><\/div><\/figcaption><\/figure><\/a><!--end av-masonry entry--><a href=\"https:\/\/funk-group.cn\/zh\/study-of-it-security-in-2025\/\"  id='av-masonry-1-item-3159' data-av-masonry-item='3159' class='av-masonry-entry isotope-item post-3159 post type-post status-publish format-standard has-post-thumbnail hentry category-homepage category-news  av-masonry-item-with-image' title=\"study-of-it-security-in-2025-card\"  itemscope=\"itemscope\" itemtype=\"https:\/\/schema.org\/CreativeWork\" ><div class='av-inner-masonry-sizer'><\/div><figure class='av-inner-masonry main_color'><div class=\"av-masonry-outerimage-container\"><div class=\"av-masonry-image-container\" ><img width=\"394\" height=\"312\" class=\"wp-image-3171 avia-img-lazy-loading-not-3171\"  src=\"https:\/\/funk-group.cn\/wp-content\/uploads\/2023\/01\/study-of-it-security-in-2025-card.jpg\" title=\"study-of-it-security-in-2025-card\" alt=\"\" srcset=\"https:\/\/funk-group.cn\/wp-content\/uploads\/2023\/01\/study-of-it-security-in-2025-card.jpg 394w, https:\/\/funk-group.cn\/wp-content\/uploads\/2023\/01\/study-of-it-security-in-2025-card-300x238.jpg 300w\" sizes=\"(max-width: 394px) 100vw, 394px\" \/><\/div><\/div><figcaption class='av-inner-masonry-content site-background'><div class='av-inner-masonry-content-pos'><div class='av-inner-masonry-content-pos-content'><div class='avia-arrow'><\/div><h3 class='av-masonry-entry-title entry-title '  itemprop=\"headline\" >2025\u5e74IT\u5b89\u5168\u7814\u7a76<\/h3><span class='av-masonry-date meta-color updated'>\u4e00\u6708 5, 2023<\/span><span class=\"av-masonry-text-sep text-sep-author\">\/<\/span><span class='av-masonry-author meta-color author'><span class='fn'>\u901a\u8fc7\uff1a fcn9h7<\/span><\/span><\/div><\/div><\/figcaption><\/figure><\/a><!--end av-masonry entry--><a href=\"https:\/\/funk-group.cn\/zh\/safe-travels-on-the-silk-road\/\"  id='av-masonry-1-item-960' data-av-masonry-item='960' class='av-masonry-entry isotope-item post-960 post type-post status-publish format-standard has-post-thumbnail hentry category-homepage category-uncategorized  av-masonry-item-with-image' title=\"silk-road\"  itemscope=\"itemscope\" itemtype=\"https:\/\/schema.org\/CreativeWork\" ><div class='av-inner-masonry-sizer'><\/div><figure class='av-inner-masonry main_color'><div class=\"av-masonry-outerimage-container\"><div class=\"av-masonry-image-container\" ><img width=\"394\" height=\"312\" class=\"wp-image-2746 avia-img-lazy-loading-not-2746\"  src=\"https:\/\/funk-group.cn\/wp-content\/uploads\/2021\/02\/silk-road.jpg\" title=\"silk-road\" alt=\"\" srcset=\"https:\/\/funk-group.cn\/wp-content\/uploads\/2021\/02\/silk-road.jpg 394w, https:\/\/funk-group.cn\/wp-content\/uploads\/2021\/02\/silk-road-300x238.jpg 300w\" sizes=\"(max-width: 394px) 100vw, 394px\" \/><\/div><\/div><figcaption class='av-inner-masonry-content site-background'><div class='av-inner-masonry-content-pos'><div class='av-inner-masonry-content-pos-content'><div class='avia-arrow'><\/div><h3 class='av-masonry-entry-title entry-title '  itemprop=\"headline\" >\u98ce\u514b\u4e3a\u60a8\u63d0\u4f9b\u4e1d\u7ef8\u4e4b\u8def\u4e0a\u7684\u98ce\u9669\u4fdd\u969c<\/h3><div class='av-masonry-entry-content entry-content'  itemprop=\"text\" >\u4e1d\u7ef8\u4e4b\u8def\u66fe\u7ecf\u8054\u901a\u4e2d\u56fd\u4e0e\u6b27\u6d32\uff0c\u4e3a\u8d35\u91cd\u7684\u7eba\u7ec7\u54c1\u4e0e\u9999\u6599\u63d0\u4f9b\u4e86\u4f20\u64ad\u9014\u5f84\u3002<\/div><span class='av-masonry-date meta-color updated'>\u4e8c\u6708 1, 2021<\/span><span class=\"av-masonry-text-sep text-sep-author\">\/<\/span><span class='av-masonry-author meta-color author'><span class='fn'>\u901a\u8fc7\uff1a uakhj_fe<\/span><\/span><\/div><\/div><\/figcaption><\/figure><\/a><!--end av-masonry entry--><\/div><\/div>\n<\/p>","protected":false},"excerpt":{"rendered":"","protected":false},"author":1,"featured_media":0,"parent":0,"menu_order":0,"comment_status":"closed","ping_status":"closed","template":"","meta":[],"yoast_head":"<!-- This site is optimized with the Yoast SEO plugin v16.1.1 - https:\/\/yoast.com\/wordpress\/plugins\/seo\/ -->\n<title>\u65b0\u95fb - Funk China<\/title>\n<meta name=\"robots\" content=\"index, follow, max-snippet:-1, max-image-preview:large, max-video-preview:-1\" \/>\n<link rel=\"canonical\" href=\"https:\/\/funk-group.cn\/blog\/\" \/>\n<meta property=\"og:locale\" content=\"zh_CN\" \/>\n<meta property=\"og:type\" content=\"article\" \/>\n<meta property=\"og:title\" content=\"\u65b0\u95fb - Funk China\" \/>\n<meta property=\"og:url\" content=\"https:\/\/funk-group.cn\/blog\/\" \/>\n<meta property=\"og:site_name\" content=\"Funk China\" \/>\n<meta property=\"article:modified_time\" content=\"2022-12-12T08:37:33+00:00\" \/>\n<meta name=\"twitter:card\" content=\"summary_large_image\" \/>\n<meta name=\"twitter:label1\" content=\"\u9884\u8ba1\u9605\u8bfb\u65f6\u95f4\">\n\t<meta name=\"twitter:data1\" content=\"7\u5206\">\n<script type=\"application\/ld+json\" class=\"yoast-schema-graph\">{\"@context\":\"https:\/\/schema.org\",\"@graph\":[{\"@type\":\"WebSite\",\"@id\":\"https:\/\/funk-group.cn\/#website\",\"url\":\"https:\/\/funk-group.cn\/\",\"name\":\"Funk China\",\"description\":\"\\u9274\\u98ce\\u9669,\\u8350\\u98ce\\u514b\",\"potentialAction\":[{\"@type\":\"SearchAction\",\"target\":\"https:\/\/funk-group.cn\/?s={search_term_string}\",\"query-input\":\"required name=search_term_string\"}],\"inLanguage\":\"zh-CN\"},{\"@type\":\"WebPage\",\"@id\":\"https:\/\/funk-group.cn\/blog\/#webpage\",\"url\":\"https:\/\/funk-group.cn\/blog\/\",\"name\":\"[:en]Blog[:zh]\\u65b0\\u95fb[:] - Funk China\",\"isPartOf\":{\"@id\":\"https:\/\/funk-group.cn\/#website\"},\"datePublished\":\"2020-10-28T03:10:10+00:00\",\"dateModified\":\"2022-12-12T08:37:33+00:00\",\"breadcrumb\":{\"@id\":\"https:\/\/funk-group.cn\/blog\/#breadcrumb\"},\"inLanguage\":\"zh-CN\",\"potentialAction\":[{\"@type\":\"ReadAction\",\"target\":[\"https:\/\/funk-group.cn\/blog\/\"]}]},{\"@type\":\"BreadcrumbList\",\"@id\":\"https:\/\/funk-group.cn\/blog\/#breadcrumb\",\"itemListElement\":[{\"@type\":\"ListItem\",\"position\":1,\"item\":{\"@type\":\"WebPage\",\"@id\":\"https:\/\/funk-group.cn\/home\/\",\"url\":\"https:\/\/funk-group.cn\/home\/\",\"name\":\"Home\"}},{\"@type\":\"ListItem\",\"position\":2,\"item\":{\"@type\":\"WebPage\",\"@id\":\"https:\/\/funk-group.cn\/blog\/\",\"url\":\"https:\/\/funk-group.cn\/blog\/\",\"name\":\"Blog\"}}]}]}<\/script>\n<!-- \/ Yoast SEO plugin. -->","_links":{"self":[{"href":"https:\/\/funk-group.cn\/zh\/wp-json\/wp\/v2\/pages\/1275"}],"collection":[{"href":"https:\/\/funk-group.cn\/zh\/wp-json\/wp\/v2\/pages"}],"about":[{"href":"https:\/\/funk-group.cn\/zh\/wp-json\/wp\/v2\/types\/page"}],"author":[{"embeddable":true,"href":"https:\/\/funk-group.cn\/zh\/wp-json\/wp\/v2\/users\/1"}],"replies":[{"embeddable":true,"href":"https:\/\/funk-group.cn\/zh\/wp-json\/wp\/v2\/comments?post=1275"}],"version-history":[{"count":10,"href":"https:\/\/funk-group.cn\/zh\/wp-json\/wp\/v2\/pages\/1275\/revisions"}],"predecessor-version":[{"id":3155,"href":"https:\/\/funk-group.cn\/zh\/wp-json\/wp\/v2\/pages\/1275\/revisions\/3155"}],"wp:attachment":[{"href":"https:\/\/funk-group.cn\/zh\/wp-json\/wp\/v2\/media?parent=1275"}],"curies":[{"name":"wp","href":"https:\/\/api.w.org\/{rel}","templated":true}]}}